{"id":42,"date":"2014-03-13T16:09:55","date_gmt":"2014-03-13T16:09:55","guid":{"rendered":"http:\/\/zsszerzawy.ibip.info\/?page_id=42"},"modified":"2024-10-15T12:19:45","modified_gmt":"2024-10-15T10:19:45","slug":"kadra","status":"publish","type":"page","link":"https:\/\/zsszerzawy.ibip.info\/?page_id=42","title":{"rendered":"Kadra"},"content":{"rendered":"\r\n<p><strong>Kadra Nauczycielska<\/strong><\/p>\r\n<div>\r\n<ol>\r\n<li>Kalisz Izabela<\/li>\r\n<li>\u015amigielska Gra\u017cyna<\/li>\r\n<li>Bicz S\u0142awomir<\/li>\r\n<li>Borek Magda<\/li>\r\n<li>Gulba Ma\u0142gorzata<\/li>\r\n<li>Kasprowicz Dariusz<\/li>\r\n<li>Kasprowicz Ma\u0142gorzata<\/li>\r\n<li>K\u0119pa Agata<\/li>\r\n<li>Koprowska Ewa<\/li>\r\n<li>Kutera Ewa<\/li>\r\n<li>Lata\u0142a Ksenia<\/li>\r\n<li>Lipa Gra\u017cyna<\/li>\r\n<li>Lipczy\u0144ska Dominika<\/li>\r\n<li>Maj Edyta<\/li>\r\n<li>Matysek Dorota<\/li>\r\n<li>Moras El\u017cbieta<\/li>\r\n<li>Nowak Urszula<\/li>\r\n<li>Nowak-Matysek Monika<\/li>\r\n<li>Piwko Anna (urlop rodzicielski)<\/li>\r\n<li>Po\u017coga Aleksandra<\/li>\r\n<li>Po\u017coga Barbara<\/li>\r\n<li>Rabajczyk Magdalena<\/li>\r\n<li>Rutkowska Weronika<\/li>\r\n<li>Ry\u015b Bernadeta<\/li>\r\n<li>Ry\u015b Marta<\/li>\r\n<li>Siedlecki Norbert<\/li>\r\n<li>Sieniek Marzena<\/li>\r\n<li>Surowiec Lucyna<\/li>\r\n<li>Szwaj Marzena<\/li>\r\n<li>\u015amigielska Edyta<\/li>\r\n<li>\u015amigielski Zbigniew<\/li>\r\n<li>\u015awietlik Halina<\/li>\r\n<li>Tofil &#8211; Paw\u0142owska Magdalena<\/li>\r\n<li>W\u0105sala Wojciech<\/li>\r\n<li>Witkowska Urszula<\/li>\r\n<li>Wojteczek Aneta<\/li>\r\n<li>Wrzesie\u0144 Kamila<\/li>\r\n<li>Zbro\u017cyna Wioletta<\/li>\r\n<\/ol>\r\n<p><strong>Pracownicy niepedagogiczni Publicznej Szko\u0142y Podstawowej im. L.M. Ambro\u017c\u00f3w w Szerzawach:<\/strong><\/p>\r\n<p>&nbsp;<\/p>\r\n<ol>\r\n<li>Garbacz Dorota<\/li>\r\n<li>Garbacz Leokadia<\/li>\r\n<li>Garbacz Marek<\/li>\r\n<li>Kruziel Mariola<\/li>\r\n<li>Linek El\u017cbieta<\/li>\r\n<li>Koprowska Paulina<\/li>\r\n<li>Zaczkiewicz Wies\u0142awa<\/li>\r\n<li>Gronostaj Anna<\/li>\r\n<li>Nowicka Katarzyna<\/li>\r\n<li>Sitek Paulina<\/li>\r\n<\/ol>\r\n<\/div>\r\n","protected":false},"excerpt":{"rendered":"<p>Kadra Nauczycielska Kalisz Izabela \u015amigielska Gra\u017cyna Bicz S\u0142awomir Borek Magda Gulba Ma\u0142gorzata Kasprowicz Dariusz Kasprowicz Ma\u0142gorzata K\u0119pa Agata Koprowska Ewa Kutera Ewa Lata\u0142a Ksenia Lipa Gra\u017cyna Lipczy\u0144ska Dominika Maj Edyta Matysek Dorota Moras El\u017cbieta&#46;&#46;&#46;<\/p>\n","protected":false},"author":2,"featured_media":0,"parent":0,"menu_order":0,"comment_status":"closed","ping_status":"open","template":"","meta":{"footnotes":""},"class_list":["post-42","page","type-page","status-publish","hentry"],"publishpress_future_action":{"enabled":false,"date":"2026-04-28 14:27:13","action":"change-status","newStatus":"draft","terms":[],"taxonomy":"","extraData":[]},"publishpress_future_workflow_manual_trigger":{"enabledWorkflows":[]},"_links":{"self":[{"href":"https:\/\/zsszerzawy.ibip.info\/index.php?rest_route=\/wp\/v2\/pages\/42","targetHints":{"allow":["GET"]}}],"collection":[{"href":"https:\/\/zsszerzawy.ibip.info\/index.php?rest_route=\/wp\/v2\/pages"}],"about":[{"href":"https:\/\/zsszerzawy.ibip.info\/index.php?rest_route=\/wp\/v2\/types\/page"}],"author":[{"embeddable":true,"href":"https:\/\/zsszerzawy.ibip.info\/index.php?rest_route=\/wp\/v2\/users\/2"}],"replies":[{"embeddable":true,"href":"https:\/\/zsszerzawy.ibip.info\/index.php?rest_route=%2Fwp%2Fv2%2Fcomments&post=42"}],"version-history":[{"count":5,"href":"https:\/\/zsszerzawy.ibip.info\/index.php?rest_route=\/wp\/v2\/pages\/42\/revisions"}],"predecessor-version":[{"id":520,"href":"https:\/\/zsszerzawy.ibip.info\/index.php?rest_route=\/wp\/v2\/pages\/42\/revisions\/520"}],"wp:attachment":[{"href":"https:\/\/zsszerzawy.ibip.info\/index.php?rest_route=%2Fwp%2Fv2%2Fmedia&parent=42"}],"curies":[{"name":"wp","href":"https:\/\/api.w.org\/{rel}","templated":true}]}}