{"id":355,"date":"2025-03-31T12:27:43","date_gmt":"2025-03-31T10:27:43","guid":{"rendered":"https:\/\/zsszerzawy.ibip.info\/?page_id=355"},"modified":"2025-03-31T13:29:14","modified_gmt":"2025-03-31T11:29:14","slug":"deklaracja-dostepnosci","status":"publish","type":"page","link":"https:\/\/zsszerzawy.ibip.info\/?page_id=355","title":{"rendered":"Deklaracja dost\u0119pno\u015bci"},"content":{"rendered":"<div class=\"body-page\">\n<div class=\"row\">\n<div class=\"col-12\">\n<div class=\"main-text-wrapper\">\n<div class=\"main-text\">\n<div class=\"a11y-statement\">\n<p>Publiczna Szko\u0142a Podstawowa im Lucyny i Mieczys\u0142awa Ambro\u017c\u00f3w w Szerzawach zobowi\u0105zuje si\u0119 zapewni\u0107 dost\u0119pno\u015b\u0107 swojej strony internetowej zgodnie z przepisami ustawy z dnia 4 kwietnia 2019 r. o dost\u0119pno\u015bci cyfrowej stron internetowych i aplikacji mobilnych podmiot\u00f3w publicznych. O\u015bwiadczenie w sprawie dost\u0119pno\u015bci ma zastosowanie do podmiotowej strony <a href=\"https:\/\/pspszerzawy.edupage.org\/\">https:\/\/pspszerzawy.edupage.org<\/a><\/p>\n<p>Data publikacji strony internetowej: <time id=\"a11y-data-publikacja\" datetime=\"2016-05-02\"><strong>2014-03-17<\/strong><\/time>.<\/p>\n<p>Data ostatniej istotnej aktualizacji: <time id=\"a11y-data-aktualizacja\" datetime=\"2020-09-23\"><strong>2025-03-31<\/strong><\/time>.<\/p>\n<h3>Status pod wzgl\u0119dem zgodno\u015bci z ustaw\u0105<\/h3>\n<p>Strona internetowa jest cz\u0119\u015bciowo zgodna z ustaw\u0105 z dnia 4 kwietnia 2019 r. o dost\u0119pno\u015bci cyfrowej stron internetowych i aplikacji mobilnych podmiot\u00f3w publicznych z powodu niezgodno\u015bci lub w\u0142\u0105cze\u0144 wymienionych poni\u017cej:<\/p>\n<ol>\n<li>Wiele zdj\u0119\u0107, obraz\u00f3w, grafik i innych informacji nietekstowych nie posiada alternatywnej wersji tekstowej.<\/li>\n<li>Wiele materia\u0142\u00f3w tekstowych nie posiada odpowiedniej hierarchii nag\u0142\u00f3wk\u00f3w.<\/li>\n<li>Publikowane nagrania wideo nie posiadaj\u0105 audio deskrypcji lub tre\u015bci alternatywnej.<\/li>\n<\/ol>\n<p><strong>Wy\u0142\u0105czenia:<\/strong><\/p>\n<ul>\n<li>filmy opublikowane przed 23 wrze\u015bnia 2020 r. s\u0105 wy\u0142\u0105czone z obowi\u0105zku zapewniania dost\u0119pno\u015bci;<\/li>\n<li>dokumenty tekstowe i tekstowo-graficzne, dokumenty utworzone w programach przeznaczonych do tworzenia prezentacji lub arkuszy kalkulacyjnych, opublikowane przed dniem 23 wrze\u015bnia 2018 r. s\u0105 wy\u0142\u0105czone z obowi\u0105zku zapewniania dost\u0119pno\u015bci;<\/li>\n<li>mapy s\u0105 wy\u0142\u0105czone z obowi\u0105zku zapewniania dost\u0119pno\u015bci;<\/li>\n<li>pliki wytworzone przez inne podmioty ni\u017c Publiczna Szko\u0142a Podstawowa im Lucyny i Mieczys\u0142awa Ambro\u017c\u00f3w w Szerzawach i przekazane do publikacji w formie papierowej lub skan\u00f3w nie s\u0105 dost\u0119pne z uwagi na brak dost\u0119pu do danych \u017ar\u00f3d\u0142owych;<\/li>\n<li>tre\u015bci archiwalne, niewykorzystywane do realizacji bie\u017c\u0105cych zada\u0144 s\u0105 wy\u0142\u0105czone z obowi\u0105zku zapewniania dost\u0119pno\u015bci.<\/li>\n<\/ul>\n<p>Poprawienie dost\u0119pno\u015bci strony z cofni\u0119ciem si\u0119 do wcze\u015bniejszych lat nios\u0142oby za sob\u0105 nadmierne obci\u0105\u017cenie dla podmiotu publicznego.<\/p>\n<h3>Data sporz\u0105dzenia Deklaracji i metoda oceny dost\u0119pno\u015bci cyfrowej<\/h3>\n<p>O\u015bwiadczenie sporz\u0105dzono dnia: <time id=\"a11y-data-sporzadzenie\" datetime=\"2020-09-23\"><strong>2020-09-23<\/strong><\/time>.<\/p>\n<p>Deklaracj\u0119 sporz\u0105dzono na podstawie samooceny przeprowadzonej przez podmiot publiczny.<\/p>\n<h3>Informacje zwrotne i dane kontaktowe<\/h3>\n<p>W przypadku problem\u00f3w z dost\u0119pno\u015bci\u0105 strony internetowej prosimy o kontakt telefoniczny +41 2722722, b\u0105d\u017a adres e-mail: pspszerzawy@gmail.com. T\u0105 sam\u0105 drog\u0105 mo\u017cna sk\u0142ada\u0107 wnioski o udost\u0119pnienie informacji niedost\u0119pnej oraz sk\u0142ada\u0107 \u017c\u0105dania zapewnienia dost\u0119pno\u015bci.<br \/>\nOsob\u0105 kontaktow\u0105 jest Edyta Maj.<\/p>\n<h3>Informacje na temat procedury odwo\u0142awczej<\/h3>\n<div id=\"a11y-procedura\">\n<p>Ka\u017cdy ma prawo do wyst\u0105pienia z \u017c\u0105daniem zapewnienia dost\u0119pno\u015bci cyfrowej strony internetowej, aplikacji mobilnej lub jakiego\u015b ich elementu. Mo\u017cna tak\u017ce za\u017c\u0105da\u0107 udost\u0119pnienia informacji za pomoc\u0105 alternatywnego sposobu dost\u0119pu, na przyk\u0142ad przez odczytanie niedost\u0119pnego cyfrowo dokumentu, opisanie zawarto\u015bci filmu bez audio deskrypcji itp.<br \/>\n\u017b\u0105danie powinno zawiera\u0107 dane osoby zg\u0142aszaj\u0105cej \u017c\u0105danie, wskazanie, o kt\u00f3r\u0105 stron\u0119 internetow\u0105 lub aplikacj\u0119 mobiln\u0105 chodzi oraz spos\u00f3b kontaktu. Je\u017celi osoba \u017c\u0105daj\u0105ca zg\u0142asza potrzeb\u0119 otrzymania informacji za pomoc\u0105 alternatywnego sposobu dost\u0119pu, powinna tak\u017ce okre\u015bli\u0107 dogodny dla niej spos\u00f3b przedstawienia tej informacji.<br \/>\nPodmiot publiczny powinien zrealizowa\u0107 \u017c\u0105danie niezw\u0142ocznie, nie p\u00f3\u017aniej ni\u017c w ci\u0105gu 7 dni od dnia wyst\u0105pienia z \u017c\u0105daniem. Je\u017celi dotrzymanie tego terminu nie jest mo\u017cliwe, podmiot publiczny niezw\u0142ocznie informuje o tym wnosz\u0105cego \u017c\u0105danie, kiedy realizacja \u017c\u0105dania b\u0119dzie mo\u017cliwa, przy czym termin ten nie mo\u017ce by\u0107 d\u0142u\u017cszy ni\u017c 2 miesi\u0105ce od dnia wyst\u0105pienia z \u017c\u0105daniem. Je\u017celi zapewnienie dost\u0119pno\u015bci cyfrowej nie jest mo\u017cliwe, podmiot publiczny mo\u017ce zaproponowa\u0107 alternatywny spos\u00f3b dost\u0119pu do informacji. W przypadku, gdy podmiot publiczny odm\u00f3wi realizacji \u017c\u0105dania zapewnienia dost\u0119pno\u015bci lub alternatywnego sposobu dost\u0119pu do informacji, wnosz\u0105cy \u017c\u0105danie mo\u017cne z\u0142o\u017cy\u0107 skarg\u0119 w sprawie zapewniana dost\u0119pno\u015bci cyfrowej strony internetowej, aplikacji mobilnej lub elementu strony internetowej, lub aplikacji mobilnej.<br \/>\nPo wyczerpaniu wskazanej wy\u017cej procedury mo\u017cna tak\u017ce z\u0142o\u017cy\u0107 wniosek do Rzecznika Praw Obywatelskich.<\/p>\n<\/div>\n<h3 id=\"a11y-architektura\">Dost\u0119pno\u015b\u0107 architektoniczna<\/h3>\n<div>\n<ol>\n<li>Budynek, w kt\u00f3rym mie\u015bci si\u0119 siedziba Publiczna Szko\u0142a Podstawowa im Lucyny i Mieczys\u0142awa Ambro\u017c\u00f3w w Szerzawach, usytuowany jest w Szerzawach 104 A, 27-225 Paw\u0142\u00f3w<\/li>\n<li>Przed szko\u0142\u0105 znajduje si\u0119 jedno miejsce parkingowe dla os\u00f3b niepe\u0142nosprawnych.<\/li>\n<li>Do budynku prowadzi jedno wej\u015bcie do budynku ze specjalnie przystosowanym wjazdem dla niepe\u0142nosprawnych.<\/li>\n<li>Budynek ma 2 kondygnacje, nie posiada windy, jest toaleta dostosowana na potrzeby os\u00f3b niepe\u0142nosprawnych.<\/li>\n<li>Do budynku i wszystkich jego pomieszcze\u0144 mo\u017cna wej\u015b\u0107 z psem asystuj\u0105cym i psem przewodnikiem.<\/li>\n<li>W szkole nie ma p\u0119tli indukcyjnych.<\/li>\n<li>W budynku nie ma oznacze\u0144 w alfabecie brajla ani oznacze\u0144 kontrastowych lub w druku powi\u0119kszonym dla os\u00f3b niewidomych i s\u0142abowidz\u0105cych, nie mo\u017cna skorzysta\u0107 z t\u0142umacza j\u0119zyka migowego.<\/li>\n<li>Osoby z trudno\u015bciami w poruszaniu si\u0119 mog\u0105 liczy\u0107 na kontakt z pracownikiem szko\u0142y, po zawiadomieniu o takiej potrzebie.<\/li>\n<\/ol>\n<\/div>\n<h3 id=\"a11y-dodatkowe\">Informacje dodatkowe<\/h3>\n<div>\n<p>W\u00a0 Publicznej Szkole Podstawowej w Szerzawach przeprowadzono samoocen\u0119 dost\u0119pno\u015bci dla os\u00f3b niepe\u0142nosprawnych cyfrowej strony internetowej w odniesieniu do wytycznych okre\u015blonych w za\u0142\u0105czniku do ustawy z dnia 4 kwietnia 2019 r. oraz skorzystano z dost\u0119pnego narz\u0119dzia do oceny strony \u2013 <a href=\"http:\/\/checkers.eiii.eu\/\">Test \u2013 European Internet Inclusion Initiative<\/a>, z kt\u00f3rego wynika, \u017ce strona internetowa https:\/\/zsszerzawy.ibip.info spe\u0142nia wymagania na dzie\u0144 <strong>2020-09-23<\/strong>\u00a0w <strong>100%<\/strong>.<\/p>\n<h1><strong>Raport o stanie zapewniania dost\u0119pno\u015bci podmiotu publicznego<\/strong><\/h1>\n<\/div>\n<p><a href=\"https:\/\/zsszerzawy.ibip.info\/wp-content\/uploads\/2025\/03\/wydruk-4.pdf\">wydruk-4<\/a><\/p>\n<\/div>\n<\/div>\n<\/div>\n<\/div>\n<\/div>\n<\/div>\n","protected":false},"excerpt":{"rendered":"<p>Publiczna Szko\u0142a Podstawowa im Lucyny i Mieczys\u0142awa Ambro\u017c\u00f3w w Szerzawach zobowi\u0105zuje si\u0119 zapewni\u0107 dost\u0119pno\u015b\u0107 swojej strony internetowej zgodnie z przepisami ustawy z dnia 4 kwietnia 2019 r. o dost\u0119pno\u015bci cyfrowej stron internetowych i aplikacji&#46;&#46;&#46;<\/p>\n","protected":false},"author":1,"featured_media":0,"parent":0,"menu_order":0,"comment_status":"closed","ping_status":"closed","template":"","meta":{"footnotes":""},"class_list":["post-355","page","type-page","status-publish","hentry"],"publishpress_future_action":{"enabled":false,"date":"2026-04-28 15:52:26","action":"change-status","newStatus":"draft","terms":[],"taxonomy":"","extraData":[]},"publishpress_future_workflow_manual_trigger":{"enabledWorkflows":[]},"_links":{"self":[{"href":"https:\/\/zsszerzawy.ibip.info\/index.php?rest_route=\/wp\/v2\/pages\/355","targetHints":{"allow":["GET"]}}],"collection":[{"href":"https:\/\/zsszerzawy.ibip.info\/index.php?rest_route=\/wp\/v2\/pages"}],"about":[{"href":"https:\/\/zsszerzawy.ibip.info\/index.php?rest_route=\/wp\/v2\/types\/page"}],"author":[{"embeddable":true,"href":"https:\/\/zsszerzawy.ibip.info\/index.php?rest_route=\/wp\/v2\/users\/1"}],"replies":[{"embeddable":true,"href":"https:\/\/zsszerzawy.ibip.info\/index.php?rest_route=%2Fwp%2Fv2%2Fcomments&post=355"}],"version-history":[{"count":8,"href":"https:\/\/zsszerzawy.ibip.info\/index.php?rest_route=\/wp\/v2\/pages\/355\/revisions"}],"predecessor-version":[{"id":528,"href":"https:\/\/zsszerzawy.ibip.info\/index.php?rest_route=\/wp\/v2\/pages\/355\/revisions\/528"}],"wp:attachment":[{"href":"https:\/\/zsszerzawy.ibip.info\/index.php?rest_route=%2Fwp%2Fv2%2Fmedia&parent=355"}],"curies":[{"name":"wp","href":"https:\/\/api.w.org\/{rel}","templated":true}]}}