{"id":30,"date":"2014-03-13T16:09:55","date_gmt":"2014-03-13T16:09:55","guid":{"rendered":"http:\/\/zsszerzawy.ibip.info\/?page_id=30"},"modified":"2014-03-13T16:09:55","modified_gmt":"2014-03-13T16:09:55","slug":"status-prawny","status":"publish","type":"page","link":"https:\/\/zsszerzawy.ibip.info\/?page_id=30","title":{"rendered":"Status prawny"},"content":{"rendered":"<p style=\"text-align: justify;\">Zesp\u00f3\u0142 Szk\u00f3\u0142 w Szerzawach jest szko\u0142\u0105 publiczn\u0105 i dzia\u0142a na podstawie:<\/p>\n<ul style=\"text-align: justify;\">\n<li>Aktu Za\u0142o\u017cycielskiego.<\/li>\n<li>Ustawy z dnia 7 wrze\u015bnia 1991 r. o systemie o\u015bwiaty (Dz. U. z 1996 r. Nr 67, poz. 329 ze zmianami),<\/li>\n<li>Ustawy z dnia 26 stycznia 1982 r. &#8211; Karta Nauczyciela (Dz. U. Nr 56 poz. 557 z 1997 r. zmianami),<\/li>\n<li>Akt\u00f3w wykonawczych do wy\u017cej wymienionych ustaw,<\/li>\n<li>Statutu,<\/li>\n<li>Zarz\u0105dze\u0144 Kuratora,<\/li>\n<li>Zarz\u0105dze\u0144 Dyrektora Szko\u0142y,<\/li>\n<li>Ramowego planu pracy szko\u0142y,<\/li>\n<li>Planu rozwoju,<\/li>\n<li>Wewn\u0105trzszkolnego Systemu Oceniania,<\/li>\n<li>Regulamin\u00f3w:\n<ul>\n<li>Regulaminu Rady Pedagogicznej.<\/li>\n<li>Regulaminu Samorz\u0105du Uczniowskiego.<\/li>\n<li>Regulaminu Rady Szko\u0142y.<\/li>\n<li>Regulaminu Rady Rodzic\u00f3w<\/li>\n<li>Regulaminu biblioteki szkolnej.<\/li>\n<li>Regulaminu \u015bwietlicy szkolnej.<\/li>\n<\/ul>\n<\/li>\n<\/ul>\n<p style=\"text-align: justify;\">Organem prowadz\u0105cym Szko\u0142\u0119 jest Gmina Paw\u0142\u00f3w.<\/p>\n<p>Organem sprawuj\u0105cym nadz\u00f3r pedagogiczny jest \u015awi\u0119tokrzyski Kurator O\u015bwiaty w Kielcach.<\/p>\n","protected":false},"excerpt":{"rendered":"<p>Zesp\u00f3\u0142 Szk\u00f3\u0142 w Szerzawach jest szko\u0142\u0105 publiczn\u0105 i dzia\u0142a na podstawie: Aktu Za\u0142o\u017cycielskiego. Ustawy z dnia 7 wrze\u015bnia 1991 r. o systemie o\u015bwiaty (Dz. U. z 1996 r. Nr 67, poz. 329 ze zmianami),&#46;&#46;&#46;<\/p>\n","protected":false},"author":2,"featured_media":0,"parent":0,"menu_order":0,"comment_status":"closed","ping_status":"open","template":"","meta":{"footnotes":""},"class_list":["post-30","page","type-page","status-publish","hentry"],"publishpress_future_action":{"enabled":false,"date":"2026-04-28 14:20:21","action":"change-status","newStatus":"draft","terms":[],"taxonomy":"","extraData":[]},"publishpress_future_workflow_manual_trigger":{"enabledWorkflows":[]},"_links":{"self":[{"href":"https:\/\/zsszerzawy.ibip.info\/index.php?rest_route=\/wp\/v2\/pages\/30","targetHints":{"allow":["GET"]}}],"collection":[{"href":"https:\/\/zsszerzawy.ibip.info\/index.php?rest_route=\/wp\/v2\/pages"}],"about":[{"href":"https:\/\/zsszerzawy.ibip.info\/index.php?rest_route=\/wp\/v2\/types\/page"}],"author":[{"embeddable":true,"href":"https:\/\/zsszerzawy.ibip.info\/index.php?rest_route=\/wp\/v2\/users\/2"}],"replies":[{"embeddable":true,"href":"https:\/\/zsszerzawy.ibip.info\/index.php?rest_route=%2Fwp%2Fv2%2Fcomments&post=30"}],"version-history":[{"count":0,"href":"https:\/\/zsszerzawy.ibip.info\/index.php?rest_route=\/wp\/v2\/pages\/30\/revisions"}],"wp:attachment":[{"href":"https:\/\/zsszerzawy.ibip.info\/index.php?rest_route=%2Fwp%2Fv2%2Fmedia&parent=30"}],"curies":[{"name":"wp","href":"https:\/\/api.w.org\/{rel}","templated":true}]}}