{"id":27,"date":"2014-03-13T16:09:55","date_gmt":"2014-03-13T16:09:55","guid":{"rendered":"http:\/\/zsszerzawy.ibip.info\/?page_id=27"},"modified":"2018-11-16T18:35:12","modified_gmt":"2018-11-16T17:35:12","slug":"start","status":"publish","type":"page","link":"https:\/\/zsszerzawy.ibip.info\/","title":{"rendered":"Start"},"content":{"rendered":"<p><a href=\"http:\/\/bip.gov.pl\"><img loading=\"lazy\" decoding=\"async\" class=\"size-medium wp-image-111 aligncenter\" title=\"bip.gov.pl\" src=\"http:\/\/zsszerzawy.ibip.info\/wp-content\/uploads\/2014\/01\/bip_logo_pomn1_grad-300x106.jpg\" alt=\"bip.gov.pl\" width=\"300\" height=\"106\" srcset=\"https:\/\/zsszerzawy.ibip.info\/wp-content\/uploads\/2014\/01\/bip_logo_pomn1_grad-300x106.jpg 300w, https:\/\/zsszerzawy.ibip.info\/wp-content\/uploads\/2014\/01\/bip_logo_pomn1_grad-1024x363.jpg 1024w, https:\/\/zsszerzawy.ibip.info\/wp-content\/uploads\/2014\/01\/bip_logo_pomn1_grad.jpg 1095w\" sizes=\"auto, (max-width: 300px) 100vw, 300px\" \/><\/a><\/p>\n<p style=\"text-align: center;\"><strong>Publiczna Szko\u0142a Podstawowa im. Lucyny i Mieczys\u0142awa Ambro\u017c\u00f3w w Szerzawach<\/strong><br \/>\nSzerzawy 104, 27-225 Paw\u0142\u00f3w<br \/>\n41 272 27 22<\/p>\n","protected":false},"excerpt":{"rendered":"<p>Publiczna Szko\u0142a Podstawowa im. Lucyny i Mieczys\u0142awa Ambro\u017c\u00f3w w Szerzawach Szerzawy 104, 27-225 Paw\u0142\u00f3w 41 272 27 22<\/p>\n","protected":false},"author":2,"featured_media":0,"parent":0,"menu_order":0,"comment_status":"closed","ping_status":"open","template":"","meta":{"footnotes":""},"class_list":["post-27","page","type-page","status-publish","hentry"],"publishpress_future_action":{"enabled":false,"date":"2026-05-24 06:31:33","action":"change-status","newStatus":"draft","terms":[],"taxonomy":"","extraData":[]},"publishpress_future_workflow_manual_trigger":{"enabledWorkflows":[]},"_links":{"self":[{"href":"https:\/\/zsszerzawy.ibip.info\/index.php?rest_route=\/wp\/v2\/pages\/27","targetHints":{"allow":["GET"]}}],"collection":[{"href":"https:\/\/zsszerzawy.ibip.info\/index.php?rest_route=\/wp\/v2\/pages"}],"about":[{"href":"https:\/\/zsszerzawy.ibip.info\/index.php?rest_route=\/wp\/v2\/types\/page"}],"author":[{"embeddable":true,"href":"https:\/\/zsszerzawy.ibip.info\/index.php?rest_route=\/wp\/v2\/users\/2"}],"replies":[{"embeddable":true,"href":"https:\/\/zsszerzawy.ibip.info\/index.php?rest_route=%2Fwp%2Fv2%2Fcomments&post=27"}],"version-history":[{"count":1,"href":"https:\/\/zsszerzawy.ibip.info\/index.php?rest_route=\/wp\/v2\/pages\/27\/revisions"}],"predecessor-version":[{"id":175,"href":"https:\/\/zsszerzawy.ibip.info\/index.php?rest_route=\/wp\/v2\/pages\/27\/revisions\/175"}],"wp:attachment":[{"href":"https:\/\/zsszerzawy.ibip.info\/index.php?rest_route=%2Fwp%2Fv2%2Fmedia&parent=27"}],"curies":[{"name":"wp","href":"https:\/\/api.w.org\/{rel}","templated":true}]}}