{"id":187,"date":"2018-11-18T21:43:00","date_gmt":"2018-11-18T20:43:00","guid":{"rendered":"http:\/\/zsszerzawy.ibip.info\/?page_id=187"},"modified":"2023-09-19T11:28:30","modified_gmt":"2023-09-19T09:28:30","slug":"plan-zajec","status":"publish","type":"page","link":"https:\/\/zsszerzawy.ibip.info\/?page_id=187","title":{"rendered":"Plan zaj\u0119\u0107 2023 2024"},"content":{"rendered":"<p>Pobierz:<\/p>\n<p><a href=\"https:\/\/zsszerzawy.ibip.info\/wp-content\/uploads\/2023\/09\/plan-zajec-Kl.0-III-01.09.2023r.-aktualny-na-dzien-01.09.2023r..doc\">plan zaj\u0119c Kl.0 &#8211; III (01.09.2023r.) aktualny na dzie\u0144 01.09.2023r.<\/a><\/p>\n<p><a href=\"https:\/\/zsszerzawy.ibip.info\/wp-content\/uploads\/2023\/09\/plan-zajec-Kl.IV-VIII-aktualny-na-dzien-01.09.2023r..doc\">plan zaj\u0119c Kl.IV- VIII aktualny na dzie\u0144 01.09.2023r.<\/a><\/p>\n<p>&nbsp;<\/p>\n<p>&nbsp;<\/p>\n<p>Archiwalne:<\/p>\n<ul>\n<li><a href=\"https:\/\/zsszerzawy.ibip.info\/wp-content\/uploads\/2022\/09\/plan-zajec-Kl.0-III-01.09.2022r..doc\">plan zaj\u0119c Kl.0 &#8211; III (01.09.2022r.)<\/a><\/li>\n<li><a href=\"https:\/\/zsszerzawy.ibip.info\/wp-content\/uploads\/2022\/09\/plan-zajec-Kl.-IV-VIII-01.09.2022r.-aktualny-2.doc\">plan zaj\u0119c Kl. IV &#8211; VIII (01.09.2022r.) aktualny 2<\/a><\/li>\n<\/ul>\n<p>&nbsp;<\/p>\n","protected":false},"excerpt":{"rendered":"<p>Pobierz: plan zaj\u0119c Kl.0 &#8211; III (01.09.2023r.) aktualny na dzie\u0144 01.09.2023r. plan zaj\u0119c Kl.IV- VIII aktualny na dzie\u0144 01.09.2023r. &nbsp; &nbsp; Archiwalne: plan zaj\u0119c Kl.0 &#8211; III (01.09.2022r.) plan zaj\u0119c Kl. IV &#8211; VIII&#46;&#46;&#46;<\/p>\n","protected":false},"author":3,"featured_media":0,"parent":0,"menu_order":0,"comment_status":"closed","ping_status":"closed","template":"","meta":{"footnotes":""},"class_list":["post-187","page","type-page","status-publish","hentry"],"publishpress_future_action":{"enabled":false,"date":"2026-04-28 14:28:05","action":"change-status","newStatus":"draft","terms":[],"taxonomy":"","extraData":[]},"publishpress_future_workflow_manual_trigger":{"enabledWorkflows":[]},"_links":{"self":[{"href":"https:\/\/zsszerzawy.ibip.info\/index.php?rest_route=\/wp\/v2\/pages\/187","targetHints":{"allow":["GET"]}}],"collection":[{"href":"https:\/\/zsszerzawy.ibip.info\/index.php?rest_route=\/wp\/v2\/pages"}],"about":[{"href":"https:\/\/zsszerzawy.ibip.info\/index.php?rest_route=\/wp\/v2\/types\/page"}],"author":[{"embeddable":true,"href":"https:\/\/zsszerzawy.ibip.info\/index.php?rest_route=\/wp\/v2\/users\/3"}],"replies":[{"embeddable":true,"href":"https:\/\/zsszerzawy.ibip.info\/index.php?rest_route=%2Fwp%2Fv2%2Fcomments&post=187"}],"version-history":[{"count":5,"href":"https:\/\/zsszerzawy.ibip.info\/index.php?rest_route=\/wp\/v2\/pages\/187\/revisions"}],"predecessor-version":[{"id":489,"href":"https:\/\/zsszerzawy.ibip.info\/index.php?rest_route=\/wp\/v2\/pages\/187\/revisions\/489"}],"wp:attachment":[{"href":"https:\/\/zsszerzawy.ibip.info\/index.php?rest_route=%2Fwp%2Fv2%2Fmedia&parent=187"}],"curies":[{"name":"wp","href":"https:\/\/api.w.org\/{rel}","templated":true}]}}