{"id":146,"date":"2014-03-13T16:09:55","date_gmt":"2014-03-13T16:09:55","guid":{"rendered":"http:\/\/zsszerzawy.ibip.info\/?page_id=146"},"modified":"2022-09-23T13:27:37","modified_gmt":"2022-09-23T11:27:37","slug":"kontakt","status":"publish","type":"page","link":"https:\/\/zsszerzawy.ibip.info\/?page_id=146","title":{"rendered":"Kontakt"},"content":{"rendered":"<h6>Publiczna Szko\u0142a Podstawowa<\/h6>\n<h6>im. Lucyny i Mieczys\u0142awa Ambro\u017c\u00f3w w Szerzawach<\/h6>\n<h6>Szerzawy 104 A<\/h6>\n<h6>27-225 Paw\u0142\u00f3w<\/h6>\n<h6>telefon (41) 272- 27-22<\/h6>\n<h6>email. pspszerzawy@gmail.com<\/h6>\n","protected":false},"excerpt":{"rendered":"<p>Publiczna Szko\u0142a Podstawowa im. Lucyny i Mieczys\u0142awa Ambro\u017c\u00f3w w Szerzawach Szerzawy 104 A 27-225 Paw\u0142\u00f3w telefon (41) 272- 27-22 email. pspszerzawy@gmail.com<\/p>\n","protected":false},"author":2,"featured_media":0,"parent":0,"menu_order":0,"comment_status":"closed","ping_status":"open","template":"","meta":{"footnotes":""},"class_list":["post-146","page","type-page","status-publish","hentry"],"publishpress_future_action":{"enabled":false,"date":"2026-04-28 14:20:21","action":"change-status","newStatus":"draft","terms":[],"taxonomy":"","extraData":[]},"publishpress_future_workflow_manual_trigger":{"enabledWorkflows":[]},"_links":{"self":[{"href":"https:\/\/zsszerzawy.ibip.info\/index.php?rest_route=\/wp\/v2\/pages\/146","targetHints":{"allow":["GET"]}}],"collection":[{"href":"https:\/\/zsszerzawy.ibip.info\/index.php?rest_route=\/wp\/v2\/pages"}],"about":[{"href":"https:\/\/zsszerzawy.ibip.info\/index.php?rest_route=\/wp\/v2\/types\/page"}],"author":[{"embeddable":true,"href":"https:\/\/zsszerzawy.ibip.info\/index.php?rest_route=\/wp\/v2\/users\/2"}],"replies":[{"embeddable":true,"href":"https:\/\/zsszerzawy.ibip.info\/index.php?rest_route=%2Fwp%2Fv2%2Fcomments&post=146"}],"version-history":[{"count":4,"href":"https:\/\/zsszerzawy.ibip.info\/index.php?rest_route=\/wp\/v2\/pages\/146\/revisions"}],"predecessor-version":[{"id":430,"href":"https:\/\/zsszerzawy.ibip.info\/index.php?rest_route=\/wp\/v2\/pages\/146\/revisions\/430"}],"wp:attachment":[{"href":"https:\/\/zsszerzawy.ibip.info\/index.php?rest_route=%2Fwp%2Fv2%2Fmedia&parent=146"}],"curies":[{"name":"wp","href":"https:\/\/api.w.org\/{rel}","templated":true}]}}